{"id":14,"date":"2021-06-25T12:45:14","date_gmt":"2021-06-25T12:45:14","guid":{"rendered":"https:\/\/kovacsagnesfogorvosmor.hu\/?page_id=14"},"modified":"2021-08-25T11:57:49","modified_gmt":"2021-08-25T11:57:49","slug":"fogorvos-kezdooldal","status":"publish","type":"page","link":"https:\/\/kovacsagnesfogorvosmor.hu\/","title":{"rendered":"Kezd\u0151oldal"},"content":{"rendered":"\t\t<div data-elementor-type=\"wp-page\" data-elementor-id=\"14\" class=\"elementor elementor-14\">\n\t\t\t\t\t\t<section class=\"elementor-section elementor-top-section elementor-element elementor-element-5701cb6 elementor-section-boxed elementor-section-height-default elementor-section-height-default\" data-id=\"5701cb6\" data-element_type=\"section\">\n\t\t\t\t\t\t<div class=\"elementor-container elementor-column-gap-default\">\n\t\t\t\t\t<div class=\"elementor-column elementor-col-100 elementor-top-column elementor-element elementor-element-9cf64ad\" data-id=\"9cf64ad\" data-element_type=\"column\">\n\t\t\t<div class=\"elementor-widget-wrap elementor-element-populated\">\n\t\t\t\t\t\t<div class=\"elementor-element elementor-element-f80c538 elementor-invisible elementor-widget elementor-widget-image\" data-id=\"f80c538\" data-element_type=\"widget\" data-settings=\"{&quot;_animation&quot;:&quot;rotateInDownLeft&quot;}\" data-widget_type=\"image.default\">\n\t\t\t\t<div class=\"elementor-widget-container\">\n\t\t\t\t\t\t\t\t\t\t\t\t\t<img fetchpriority=\"high\" decoding=\"async\" width=\"800\" height=\"420\" src=\"https:\/\/kovacsagnesfogorvosmor.hu\/wp-content\/uploads\/2021\/08\/dr-kovacs-agnes-1200x630-1-1024x538.jpg\" class=\"attachment-large size-large wp-image-468\" alt=\"logo facebookra\" srcset=\"https:\/\/kovacsagnesfogorvosmor.hu\/wp-content\/uploads\/2021\/08\/dr-kovacs-agnes-1200x630-1-1024x538.jpg 1024w, https:\/\/kovacsagnesfogorvosmor.hu\/wp-content\/uploads\/2021\/08\/dr-kovacs-agnes-1200x630-1-300x158.jpg 300w, https:\/\/kovacsagnesfogorvosmor.hu\/wp-content\/uploads\/2021\/08\/dr-kovacs-agnes-1200x630-1-768x403.jpg 768w, https:\/\/kovacsagnesfogorvosmor.hu\/wp-content\/uploads\/2021\/08\/dr-kovacs-agnes-1200x630-1.jpg 1200w\" sizes=\"(max-width: 800px) 100vw, 800px\" \/>\t\t\t\t\t\t\t\t\t\t\t\t\t<\/div>\n\t\t\t\t<\/div>\n\t\t\t\t\t<\/div>\n\t\t<\/div>\n\t\t\t\t\t<\/div>\n\t\t<\/section>\n\t\t\t\t<\/div>\n\t\t","protected":false},"excerpt":{"rendered":"","protected":false},"author":1,"featured_media":0,"parent":0,"menu_order":0,"comment_status":"closed","ping_status":"closed","template":"","meta":{"footnotes":""},"class_list":["post-14","page","type-page","status-publish","hentry"],"yoast_head":"<!-- This site is optimized with the Yoast SEO plugin v23.7 - https:\/\/yoast.com\/wordpress\/plugins\/seo\/ -->\n<title>Kezd\u0151oldal - Dr. Kov\u00e1cs \u00c1gnes Fogorvos<\/title>\n<meta name=\"description\" content=\"Dr. Kov\u00e1cs \u00c1gnes fogszakorvos \u00e9s fogszab\u00e1lyoz\u00f3 szakorvos - M\u00f3ron k\u00e9t fogorvosi rendel\u0151ben v\u00e1rjuk. Bejelentkezni rendel\u00e9si id\u0151ben: 06\/30\/ 211-93-70\" \/>\n<meta name=\"robots\" content=\"index, follow, max-snippet:-1, max-image-preview:large, max-video-preview:-1\" \/>\n<link rel=\"canonical\" href=\"https:\/\/kovacsagnesfogorvosmor.hu\/\" \/>\n<meta property=\"og:locale\" content=\"hu_HU\" \/>\n<meta property=\"og:type\" content=\"article\" \/>\n<meta property=\"og:title\" content=\"Dr. Kov\u00e1cs \u00c1gnes fogorvos - M\u00f3r\" \/>\n<meta property=\"og:description\" content=\"fogszakorvos, fogszab\u00e1lyoz\u00f3 szakorvos\" \/>\n<meta property=\"og:url\" content=\"https:\/\/kovacsagnesfogorvosmor.hu\/\" \/>\n<meta property=\"og:site_name\" content=\"Dr. Kov\u00e1cs \u00c1gnes Fogorvos\" \/>\n<meta property=\"article:modified_time\" content=\"2021-08-25T11:57:49+00:00\" \/>\n<meta property=\"og:image\" content=\"https:\/\/kovacsagnesfogorvosmor.hu\/wp-content\/uploads\/2021\/08\/dr-kovacs-agnes-1200x630-1.jpg\" \/>\n\t<meta property=\"og:image:width\" content=\"1200\" \/>\n\t<meta property=\"og:image:height\" content=\"630\" \/>\n\t<meta property=\"og:image:type\" content=\"image\/jpeg\" \/>\n<meta name=\"twitter:card\" content=\"summary_large_image\" \/>\n<meta name=\"twitter:title\" content=\"Dr. Kov\u00e1cs \u00c1gnes fogorvos\" \/>\n<meta name=\"twitter:description\" content=\"fogszakorvos, fogszab\u00e1lyoz\u00f3 szakorvos\" \/>\n<meta name=\"twitter:image\" content=\"https:\/\/kovacsagnesfogorvosmor.hu\/wp-content\/uploads\/2021\/08\/dr-kovacs-agnes-1200x630-1.jpg\" \/>\n<meta name=\"twitter:label1\" content=\"Becs\u00fclt olvas\u00e1si id\u0151\" \/>\n\t<meta name=\"twitter:data1\" content=\"1 perc\" \/>\n<script type=\"application\/ld+json\" class=\"yoast-schema-graph\">{\"@context\":\"https:\/\/schema.org\",\"@graph\":[{\"@type\":\"WebPage\",\"@id\":\"https:\/\/kovacsagnesfogorvosmor.hu\/\",\"url\":\"https:\/\/kovacsagnesfogorvosmor.hu\/\",\"name\":\"Kezd\u0151oldal - Dr. Kov\u00e1cs \u00c1gnes Fogorvos\",\"isPartOf\":{\"@id\":\"https:\/\/kovacsagnesfogorvosmor.hu\/#website\"},\"primaryImageOfPage\":{\"@id\":\"https:\/\/kovacsagnesfogorvosmor.hu\/#primaryimage\"},\"image\":{\"@id\":\"https:\/\/kovacsagnesfogorvosmor.hu\/#primaryimage\"},\"thumbnailUrl\":\"https:\/\/kovacsagnesfogorvosmor.hu\/wp-content\/uploads\/2021\/08\/dr-kovacs-agnes-1200x630-1-1024x538.jpg\",\"datePublished\":\"2021-06-25T12:45:14+00:00\",\"dateModified\":\"2021-08-25T11:57:49+00:00\",\"description\":\"Dr. Kov\u00e1cs \u00c1gnes fogszakorvos \u00e9s fogszab\u00e1lyoz\u00f3 szakorvos - M\u00f3ron k\u00e9t fogorvosi rendel\u0151ben v\u00e1rjuk. Bejelentkezni rendel\u00e9si id\u0151ben: 06\/30\/ 211-93-70\",\"breadcrumb\":{\"@id\":\"https:\/\/kovacsagnesfogorvosmor.hu\/#breadcrumb\"},\"inLanguage\":\"hu\",\"potentialAction\":[{\"@type\":\"ReadAction\",\"target\":[\"https:\/\/kovacsagnesfogorvosmor.hu\/\"]}]},{\"@type\":\"ImageObject\",\"inLanguage\":\"hu\",\"@id\":\"https:\/\/kovacsagnesfogorvosmor.hu\/#primaryimage\",\"url\":\"https:\/\/kovacsagnesfogorvosmor.hu\/wp-content\/uploads\/2021\/08\/dr-kovacs-agnes-1200x630-1.jpg\",\"contentUrl\":\"https:\/\/kovacsagnesfogorvosmor.hu\/wp-content\/uploads\/2021\/08\/dr-kovacs-agnes-1200x630-1.jpg\",\"width\":1200,\"height\":630,\"caption\":\"logo facebookra\"},{\"@type\":\"BreadcrumbList\",\"@id\":\"https:\/\/kovacsagnesfogorvosmor.hu\/#breadcrumb\",\"itemListElement\":[{\"@type\":\"ListItem\",\"position\":1,\"name\":\"Kezd\u0151lap\",\"item\":\"https:\/\/kovacsagnesfogorvosmor.hu\/\"},{\"@type\":\"ListItem\",\"position\":2,\"name\":\"Kezd\u0151oldal\"}]},{\"@type\":\"WebSite\",\"@id\":\"https:\/\/kovacsagnesfogorvosmor.hu\/#website\",\"url\":\"https:\/\/kovacsagnesfogorvosmor.hu\/\",\"name\":\"Dr. Kov\u00e1cs \u00c1gnes Fogorvos\",\"description\":\"fogszakorvos, fogszab\u00e1lyoz\u00f3 szakorvos\",\"publisher\":{\"@id\":\"https:\/\/kovacsagnesfogorvosmor.hu\/#organization\"},\"potentialAction\":[{\"@type\":\"SearchAction\",\"target\":{\"@type\":\"EntryPoint\",\"urlTemplate\":\"https:\/\/kovacsagnesfogorvosmor.hu\/?s={search_term_string}\"},\"query-input\":{\"@type\":\"PropertyValueSpecification\",\"valueRequired\":true,\"valueName\":\"search_term_string\"}}],\"inLanguage\":\"hu\"},{\"@type\":\"Organization\",\"@id\":\"https:\/\/kovacsagnesfogorvosmor.hu\/#organization\",\"name\":\"Dr. Kov\u00e1cs \u00c1gnes Fogorvos\",\"url\":\"https:\/\/kovacsagnesfogorvosmor.hu\/\",\"logo\":{\"@type\":\"ImageObject\",\"inLanguage\":\"hu\",\"@id\":\"https:\/\/kovacsagnesfogorvosmor.hu\/#\/schema\/logo\/image\/\",\"url\":\"https:\/\/kovacsagnesfogorvosmor.hu\/wp-content\/uploads\/2021\/07\/cropped-fog-logo_512-cut-blue-1.jpg\",\"contentUrl\":\"https:\/\/kovacsagnesfogorvosmor.hu\/wp-content\/uploads\/2021\/07\/cropped-fog-logo_512-cut-blue-1.jpg\",\"width\":512,\"height\":512,\"caption\":\"Dr. Kov\u00e1cs \u00c1gnes Fogorvos\"},\"image\":{\"@id\":\"https:\/\/kovacsagnesfogorvosmor.hu\/#\/schema\/logo\/image\/\"}}]}<\/script>\n<!-- \/ Yoast SEO plugin. -->","yoast_head_json":{"title":"Kezd\u0151oldal - Dr. Kov\u00e1cs \u00c1gnes Fogorvos","description":"Dr. Kov\u00e1cs \u00c1gnes fogszakorvos \u00e9s fogszab\u00e1lyoz\u00f3 szakorvos - M\u00f3ron k\u00e9t fogorvosi rendel\u0151ben v\u00e1rjuk. Bejelentkezni rendel\u00e9si id\u0151ben: 06\/30\/ 211-93-70","robots":{"index":"index","follow":"follow","max-snippet":"max-snippet:-1","max-image-preview":"max-image-preview:large","max-video-preview":"max-video-preview:-1"},"canonical":"https:\/\/kovacsagnesfogorvosmor.hu\/","og_locale":"hu_HU","og_type":"article","og_title":"Dr. Kov\u00e1cs \u00c1gnes fogorvos - M\u00f3r","og_description":"fogszakorvos, fogszab\u00e1lyoz\u00f3 szakorvos","og_url":"https:\/\/kovacsagnesfogorvosmor.hu\/","og_site_name":"Dr. Kov\u00e1cs \u00c1gnes Fogorvos","article_modified_time":"2021-08-25T11:57:49+00:00","og_image":[{"width":1200,"height":630,"url":"https:\/\/kovacsagnesfogorvosmor.hu\/wp-content\/uploads\/2021\/08\/dr-kovacs-agnes-1200x630-1.jpg","type":"image\/jpeg"}],"twitter_card":"summary_large_image","twitter_title":"Dr. Kov\u00e1cs \u00c1gnes fogorvos","twitter_description":"fogszakorvos, fogszab\u00e1lyoz\u00f3 szakorvos","twitter_image":"https:\/\/kovacsagnesfogorvosmor.hu\/wp-content\/uploads\/2021\/08\/dr-kovacs-agnes-1200x630-1.jpg","twitter_misc":{"Becs\u00fclt olvas\u00e1si id\u0151":"1 perc"},"schema":{"@context":"https:\/\/schema.org","@graph":[{"@type":"WebPage","@id":"https:\/\/kovacsagnesfogorvosmor.hu\/","url":"https:\/\/kovacsagnesfogorvosmor.hu\/","name":"Kezd\u0151oldal - Dr. Kov\u00e1cs \u00c1gnes Fogorvos","isPartOf":{"@id":"https:\/\/kovacsagnesfogorvosmor.hu\/#website"},"primaryImageOfPage":{"@id":"https:\/\/kovacsagnesfogorvosmor.hu\/#primaryimage"},"image":{"@id":"https:\/\/kovacsagnesfogorvosmor.hu\/#primaryimage"},"thumbnailUrl":"https:\/\/kovacsagnesfogorvosmor.hu\/wp-content\/uploads\/2021\/08\/dr-kovacs-agnes-1200x630-1-1024x538.jpg","datePublished":"2021-06-25T12:45:14+00:00","dateModified":"2021-08-25T11:57:49+00:00","description":"Dr. Kov\u00e1cs \u00c1gnes fogszakorvos \u00e9s fogszab\u00e1lyoz\u00f3 szakorvos - M\u00f3ron k\u00e9t fogorvosi rendel\u0151ben v\u00e1rjuk. Bejelentkezni rendel\u00e9si id\u0151ben: 06\/30\/ 211-93-70","breadcrumb":{"@id":"https:\/\/kovacsagnesfogorvosmor.hu\/#breadcrumb"},"inLanguage":"hu","potentialAction":[{"@type":"ReadAction","target":["https:\/\/kovacsagnesfogorvosmor.hu\/"]}]},{"@type":"ImageObject","inLanguage":"hu","@id":"https:\/\/kovacsagnesfogorvosmor.hu\/#primaryimage","url":"https:\/\/kovacsagnesfogorvosmor.hu\/wp-content\/uploads\/2021\/08\/dr-kovacs-agnes-1200x630-1.jpg","contentUrl":"https:\/\/kovacsagnesfogorvosmor.hu\/wp-content\/uploads\/2021\/08\/dr-kovacs-agnes-1200x630-1.jpg","width":1200,"height":630,"caption":"logo facebookra"},{"@type":"BreadcrumbList","@id":"https:\/\/kovacsagnesfogorvosmor.hu\/#breadcrumb","itemListElement":[{"@type":"ListItem","position":1,"name":"Kezd\u0151lap","item":"https:\/\/kovacsagnesfogorvosmor.hu\/"},{"@type":"ListItem","position":2,"name":"Kezd\u0151oldal"}]},{"@type":"WebSite","@id":"https:\/\/kovacsagnesfogorvosmor.hu\/#website","url":"https:\/\/kovacsagnesfogorvosmor.hu\/","name":"Dr. Kov\u00e1cs \u00c1gnes Fogorvos","description":"fogszakorvos, fogszab\u00e1lyoz\u00f3 szakorvos","publisher":{"@id":"https:\/\/kovacsagnesfogorvosmor.hu\/#organization"},"potentialAction":[{"@type":"SearchAction","target":{"@type":"EntryPoint","urlTemplate":"https:\/\/kovacsagnesfogorvosmor.hu\/?s={search_term_string}"},"query-input":{"@type":"PropertyValueSpecification","valueRequired":true,"valueName":"search_term_string"}}],"inLanguage":"hu"},{"@type":"Organization","@id":"https:\/\/kovacsagnesfogorvosmor.hu\/#organization","name":"Dr. Kov\u00e1cs \u00c1gnes Fogorvos","url":"https:\/\/kovacsagnesfogorvosmor.hu\/","logo":{"@type":"ImageObject","inLanguage":"hu","@id":"https:\/\/kovacsagnesfogorvosmor.hu\/#\/schema\/logo\/image\/","url":"https:\/\/kovacsagnesfogorvosmor.hu\/wp-content\/uploads\/2021\/07\/cropped-fog-logo_512-cut-blue-1.jpg","contentUrl":"https:\/\/kovacsagnesfogorvosmor.hu\/wp-content\/uploads\/2021\/07\/cropped-fog-logo_512-cut-blue-1.jpg","width":512,"height":512,"caption":"Dr. Kov\u00e1cs \u00c1gnes Fogorvos"},"image":{"@id":"https:\/\/kovacsagnesfogorvosmor.hu\/#\/schema\/logo\/image\/"}}]}},"_links":{"self":[{"href":"https:\/\/kovacsagnesfogorvosmor.hu\/index.php\/wp-json\/wp\/v2\/pages\/14","targetHints":{"allow":["GET"]}}],"collection":[{"href":"https:\/\/kovacsagnesfogorvosmor.hu\/index.php\/wp-json\/wp\/v2\/pages"}],"about":[{"href":"https:\/\/kovacsagnesfogorvosmor.hu\/index.php\/wp-json\/wp\/v2\/types\/page"}],"author":[{"embeddable":true,"href":"https:\/\/kovacsagnesfogorvosmor.hu\/index.php\/wp-json\/wp\/v2\/users\/1"}],"replies":[{"embeddable":true,"href":"https:\/\/kovacsagnesfogorvosmor.hu\/index.php\/wp-json\/wp\/v2\/comments?post=14"}],"version-history":[{"count":68,"href":"https:\/\/kovacsagnesfogorvosmor.hu\/index.php\/wp-json\/wp\/v2\/pages\/14\/revisions"}],"predecessor-version":[{"id":510,"href":"https:\/\/kovacsagnesfogorvosmor.hu\/index.php\/wp-json\/wp\/v2\/pages\/14\/revisions\/510"}],"wp:attachment":[{"href":"https:\/\/kovacsagnesfogorvosmor.hu\/index.php\/wp-json\/wp\/v2\/media?parent=14"}],"curies":[{"name":"wp","href":"https:\/\/api.w.org\/{rel}","templated":true}]}}