{"id":176,"date":"2021-07-28T08:34:47","date_gmt":"2021-07-28T08:34:47","guid":{"rendered":"https:\/\/kovacsagnesfogorvosmor.hu\/?page_id=176"},"modified":"2021-08-16T09:02:15","modified_gmt":"2021-08-16T09:02:15","slug":"elementor-176","status":"publish","type":"page","link":"https:\/\/kovacsagnesfogorvosmor.hu\/index.php\/elementor-176\/","title":{"rendered":"Szerz\u0151d\u00f6tt eg\u00e9szs\u00e9gp\u00e9nzt\u00e1rak"},"content":{"rendered":"\t\t<div data-elementor-type=\"wp-page\" data-elementor-id=\"176\" class=\"elementor elementor-176\">\n\t\t\t\t\t\t<section class=\"elementor-section elementor-top-section elementor-element elementor-element-05fe951 elementor-section-boxed elementor-section-height-default elementor-section-height-default\" data-id=\"05fe951\" data-element_type=\"section\">\n\t\t\t\t\t\t<div class=\"elementor-container elementor-column-gap-default\">\n\t\t\t\t\t<div class=\"elementor-column elementor-col-33 elementor-top-column elementor-element elementor-element-c067f9e\" data-id=\"c067f9e\" data-element_type=\"column\">\n\t\t\t<div class=\"elementor-widget-wrap elementor-element-populated\">\n\t\t\t\t\t\t<div class=\"elementor-element elementor-element-ebf4320 elementor-position-top elementor-invisible elementor-widget elementor-widget-image-box\" data-id=\"ebf4320\" data-element_type=\"widget\" data-settings=\"{&quot;_animation&quot;:&quot;fadeInUp&quot;,&quot;_animation_delay&quot;:0}\" data-widget_type=\"image-box.default\">\n\t\t\t\t<div class=\"elementor-widget-container\">\n\t\t\t<div class=\"elementor-image-box-wrapper\"><figure class=\"elementor-image-box-img\"><img fetchpriority=\"high\" decoding=\"async\" width=\"1024\" height=\"1024\" src=\"https:\/\/kovacsagnesfogorvosmor.hu\/wp-content\/uploads\/2021\/08\/generali-1024x1024-1.jpg\" class=\"attachment-full size-full wp-image-268\" alt=\"generali eg\u00e9szs\u00e9gp\u00e9nzt\u00e1r log\u00f3\" srcset=\"https:\/\/kovacsagnesfogorvosmor.hu\/wp-content\/uploads\/2021\/08\/generali-1024x1024-1.jpg 1024w, https:\/\/kovacsagnesfogorvosmor.hu\/wp-content\/uploads\/2021\/08\/generali-1024x1024-1-300x300.jpg 300w, https:\/\/kovacsagnesfogorvosmor.hu\/wp-content\/uploads\/2021\/08\/generali-1024x1024-1-150x150.jpg 150w, https:\/\/kovacsagnesfogorvosmor.hu\/wp-content\/uploads\/2021\/08\/generali-1024x1024-1-768x768.jpg 768w\" sizes=\"(max-width: 1024px) 100vw, 1024px\" \/><\/figure><div class=\"elementor-image-box-content\"><h3 class=\"elementor-image-box-title\">Generali <br \/>Eg\u00e9szs\u00e9gp\u00e9nzt\u00e1r<\/h3><\/div><\/div>\t\t<\/div>\n\t\t\t\t<\/div>\n\t\t\t\t\t<\/div>\n\t\t<\/div>\n\t\t\t\t<div class=\"elementor-column elementor-col-33 elementor-top-column elementor-element elementor-element-8586068\" data-id=\"8586068\" data-element_type=\"column\">\n\t\t\t<div class=\"elementor-widget-wrap elementor-element-populated\">\n\t\t\t\t\t\t<div class=\"elementor-element elementor-element-ab903e8 elementor-position-top elementor-invisible elementor-widget elementor-widget-image-box\" data-id=\"ab903e8\" data-element_type=\"widget\" data-settings=\"{&quot;_animation&quot;:&quot;fadeInUp&quot;,&quot;_animation_delay&quot;:0}\" data-widget_type=\"image-box.default\">\n\t\t\t\t<div class=\"elementor-widget-container\">\n\t\t\t<div class=\"elementor-image-box-wrapper\"><figure class=\"elementor-image-box-img\"><img decoding=\"async\" width=\"1024\" height=\"1024\" src=\"https:\/\/kovacsagnesfogorvosmor.hu\/wp-content\/uploads\/2021\/08\/otp-1024x1024-1.jpg\" class=\"attachment-full size-full wp-image-269\" alt=\"otp eg\u00e9szs\u00e9gp\u00e9nzt\u00e1r log\u00f3\" srcset=\"https:\/\/kovacsagnesfogorvosmor.hu\/wp-content\/uploads\/2021\/08\/otp-1024x1024-1.jpg 1024w, https:\/\/kovacsagnesfogorvosmor.hu\/wp-content\/uploads\/2021\/08\/otp-1024x1024-1-300x300.jpg 300w, https:\/\/kovacsagnesfogorvosmor.hu\/wp-content\/uploads\/2021\/08\/otp-1024x1024-1-150x150.jpg 150w, https:\/\/kovacsagnesfogorvosmor.hu\/wp-content\/uploads\/2021\/08\/otp-1024x1024-1-768x768.jpg 768w\" sizes=\"(max-width: 1024px) 100vw, 1024px\" \/><\/figure><div class=\"elementor-image-box-content\"><h3 class=\"elementor-image-box-title\">OTP Orsz\u00e1gos Eg\u00e9szs\u00e9gp\u00e9nzt\u00e1r\u200b<\/h3><\/div><\/div>\t\t<\/div>\n\t\t\t\t<\/div>\n\t\t\t\t\t<\/div>\n\t\t<\/div>\n\t\t\t\t<div class=\"elementor-column elementor-col-33 elementor-top-column elementor-element elementor-element-6bff405\" data-id=\"6bff405\" data-element_type=\"column\">\n\t\t\t<div class=\"elementor-widget-wrap elementor-element-populated\">\n\t\t\t\t\t\t<div class=\"elementor-element elementor-element-f3d36b9 elementor-position-top elementor-invisible elementor-widget elementor-widget-image-box\" data-id=\"f3d36b9\" data-element_type=\"widget\" data-settings=\"{&quot;_animation&quot;:&quot;fadeInUp&quot;,&quot;_animation_delay&quot;:200}\" data-widget_type=\"image-box.default\">\n\t\t\t\t<div class=\"elementor-widget-container\">\n\t\t\t<div class=\"elementor-image-box-wrapper\"><figure class=\"elementor-image-box-img\"><img decoding=\"async\" width=\"1024\" height=\"1024\" src=\"https:\/\/kovacsagnesfogorvosmor.hu\/wp-content\/uploads\/2021\/08\/patika-1024x1024-1.jpg\" class=\"attachment-full size-full wp-image-270\" alt=\"patika eg\u00e9szs\u00e9gp\u00e9nzt\u00e1r log\u00f3\" srcset=\"https:\/\/kovacsagnesfogorvosmor.hu\/wp-content\/uploads\/2021\/08\/patika-1024x1024-1.jpg 1024w, https:\/\/kovacsagnesfogorvosmor.hu\/wp-content\/uploads\/2021\/08\/patika-1024x1024-1-300x300.jpg 300w, https:\/\/kovacsagnesfogorvosmor.hu\/wp-content\/uploads\/2021\/08\/patika-1024x1024-1-150x150.jpg 150w, https:\/\/kovacsagnesfogorvosmor.hu\/wp-content\/uploads\/2021\/08\/patika-1024x1024-1-768x768.jpg 768w\" sizes=\"(max-width: 1024px) 100vw, 1024px\" \/><\/figure><div class=\"elementor-image-box-content\"><h3 class=\"elementor-image-box-title\">Patika <br \/>Eg\u00e9szs\u00e9gp\u00e9nzt\u00e1r\u200b<\/h3><\/div><\/div>\t\t<\/div>\n\t\t\t\t<\/div>\n\t\t\t\t\t<\/div>\n\t\t<\/div>\n\t\t\t\t\t<\/div>\n\t\t<\/section>\n\t\t\t\t<section class=\"elementor-section elementor-top-section elementor-element elementor-element-8bc47c4 elementor-section-boxed elementor-section-height-default elementor-section-height-default\" data-id=\"8bc47c4\" data-element_type=\"section\">\n\t\t\t\t\t\t<div class=\"elementor-container elementor-column-gap-default\">\n\t\t\t\t\t<div class=\"elementor-column elementor-col-33 elementor-top-column elementor-element elementor-element-77c04d2\" data-id=\"77c04d2\" data-element_type=\"column\">\n\t\t\t<div class=\"elementor-widget-wrap elementor-element-populated\">\n\t\t\t\t\t\t<div class=\"elementor-element elementor-element-42d4577 elementor-position-top elementor-invisible elementor-widget elementor-widget-image-box\" data-id=\"42d4577\" data-element_type=\"widget\" data-settings=\"{&quot;_animation&quot;:&quot;fadeInUp&quot;,&quot;_animation_delay&quot;:100}\" data-widget_type=\"image-box.default\">\n\t\t\t\t<div class=\"elementor-widget-container\">\n\t\t\t<div class=\"elementor-image-box-wrapper\"><figure class=\"elementor-image-box-img\"><img loading=\"lazy\" decoding=\"async\" width=\"1024\" height=\"1024\" src=\"https:\/\/kovacsagnesfogorvosmor.hu\/wp-content\/uploads\/2021\/08\/premium-1024x1024-1.jpg\" class=\"attachment-full size-full wp-image-271\" alt=\"pr\u00e9mium eg\u00e9szs\u00e9gp\u00e9nzt\u00e1r log\u00f3\" srcset=\"https:\/\/kovacsagnesfogorvosmor.hu\/wp-content\/uploads\/2021\/08\/premium-1024x1024-1.jpg 1024w, https:\/\/kovacsagnesfogorvosmor.hu\/wp-content\/uploads\/2021\/08\/premium-1024x1024-1-300x300.jpg 300w, https:\/\/kovacsagnesfogorvosmor.hu\/wp-content\/uploads\/2021\/08\/premium-1024x1024-1-150x150.jpg 150w, https:\/\/kovacsagnesfogorvosmor.hu\/wp-content\/uploads\/2021\/08\/premium-1024x1024-1-768x768.jpg 768w\" sizes=\"(max-width: 1024px) 100vw, 1024px\" \/><\/figure><div class=\"elementor-image-box-content\"><h3 class=\"elementor-image-box-title\">Pr\u00e9mium <br \/>Eg\u00e9szs\u00e9gp\u00e9nzt\u00e1r\u200b<\/h3><\/div><\/div>\t\t<\/div>\n\t\t\t\t<\/div>\n\t\t\t\t\t<\/div>\n\t\t<\/div>\n\t\t\t\t<div class=\"elementor-column elementor-col-33 elementor-top-column elementor-element elementor-element-1945f05\" data-id=\"1945f05\" data-element_type=\"column\">\n\t\t\t<div class=\"elementor-widget-wrap elementor-element-populated\">\n\t\t\t\t\t\t<div class=\"elementor-element elementor-element-129ba69 elementor-position-top elementor-invisible elementor-widget elementor-widget-image-box\" data-id=\"129ba69\" data-element_type=\"widget\" data-settings=\"{&quot;_animation&quot;:&quot;fadeInUp&quot;,&quot;_animation_delay&quot;:200}\" data-widget_type=\"image-box.default\">\n\t\t\t\t<div class=\"elementor-widget-container\">\n\t\t\t<div class=\"elementor-image-box-wrapper\"><figure class=\"elementor-image-box-img\"><img loading=\"lazy\" decoding=\"async\" width=\"1024\" height=\"1024\" src=\"https:\/\/kovacsagnesfogorvosmor.hu\/wp-content\/uploads\/2021\/08\/mkb-1024x1024-1.jpg\" class=\"attachment-full size-full wp-image-272\" alt=\"mkb eg\u00e9szs\u00e9gp\u00e9nzt\u00e1r log\u00f3\" srcset=\"https:\/\/kovacsagnesfogorvosmor.hu\/wp-content\/uploads\/2021\/08\/mkb-1024x1024-1.jpg 1024w, https:\/\/kovacsagnesfogorvosmor.hu\/wp-content\/uploads\/2021\/08\/mkb-1024x1024-1-300x300.jpg 300w, https:\/\/kovacsagnesfogorvosmor.hu\/wp-content\/uploads\/2021\/08\/mkb-1024x1024-1-150x150.jpg 150w, https:\/\/kovacsagnesfogorvosmor.hu\/wp-content\/uploads\/2021\/08\/mkb-1024x1024-1-768x768.jpg 768w\" sizes=\"(max-width: 1024px) 100vw, 1024px\" \/><\/figure><div class=\"elementor-image-box-content\"><h3 class=\"elementor-image-box-title\">MKB Eg\u00e9szs\u00e9gp\u00e9nzt\u00e1r<br \/> (Talizm\u00e1n)\u200b<\/h3><\/div><\/div>\t\t<\/div>\n\t\t\t\t<\/div>\n\t\t\t\t\t<\/div>\n\t\t<\/div>\n\t\t\t\t<div class=\"elementor-column elementor-col-33 elementor-top-column elementor-element elementor-element-a58b335\" data-id=\"a58b335\" data-element_type=\"column\">\n\t\t\t<div class=\"elementor-widget-wrap elementor-element-populated\">\n\t\t\t\t\t\t<div class=\"elementor-element elementor-element-40637fe elementor-position-top elementor-invisible elementor-widget elementor-widget-image-box\" data-id=\"40637fe\" data-element_type=\"widget\" data-settings=\"{&quot;_animation&quot;:&quot;fadeInUp&quot;,&quot;_animation_delay&quot;:300}\" data-widget_type=\"image-box.default\">\n\t\t\t\t<div class=\"elementor-widget-container\">\n\t\t\t<div class=\"elementor-image-box-wrapper\"><figure class=\"elementor-image-box-img\"><img loading=\"lazy\" decoding=\"async\" width=\"1024\" height=\"1024\" src=\"https:\/\/kovacsagnesfogorvosmor.hu\/wp-content\/uploads\/2021\/08\/vitamin-1024x1024-1.jpg\" class=\"attachment-full size-full wp-image-273\" alt=\"vitamin eg\u00e9szs\u00e9gp\u00e9nzt\u00e1r log\u00f3\" srcset=\"https:\/\/kovacsagnesfogorvosmor.hu\/wp-content\/uploads\/2021\/08\/vitamin-1024x1024-1.jpg 1024w, https:\/\/kovacsagnesfogorvosmor.hu\/wp-content\/uploads\/2021\/08\/vitamin-1024x1024-1-300x300.jpg 300w, https:\/\/kovacsagnesfogorvosmor.hu\/wp-content\/uploads\/2021\/08\/vitamin-1024x1024-1-150x150.jpg 150w, https:\/\/kovacsagnesfogorvosmor.hu\/wp-content\/uploads\/2021\/08\/vitamin-1024x1024-1-768x768.jpg 768w\" sizes=\"(max-width: 1024px) 100vw, 1024px\" \/><\/figure><div class=\"elementor-image-box-content\"><h3 class=\"elementor-image-box-title\">Vitamin<br \/> Eg\u00e9szs\u00e9gp\u00e9nzt\u00e1r\u200b<\/h3><\/div><\/div>\t\t<\/div>\n\t\t\t\t<\/div>\n\t\t\t\t\t<\/div>\n\t\t<\/div>\n\t\t\t\t\t<\/div>\n\t\t<\/section>\n\t\t\t\t<\/div>\n\t\t","protected":false},"excerpt":{"rendered":"<p>Generali Eg\u00e9szs\u00e9gp\u00e9nzt\u00e1r OTP Orsz\u00e1gos Eg\u00e9szs\u00e9gp\u00e9nzt\u00e1r\u200b Patika Eg\u00e9szs\u00e9gp\u00e9nzt\u00e1r\u200b Pr\u00e9mium Eg\u00e9szs\u00e9gp\u00e9nzt\u00e1r\u200b MKB Eg\u00e9szs\u00e9gp\u00e9nzt\u00e1r (Talizm\u00e1n)\u200b Vitamin Eg\u00e9szs\u00e9gp\u00e9nzt\u00e1r\u200b<\/p>\n","protected":false},"author":1,"featured_media":0,"parent":0,"menu_order":0,"comment_status":"closed","ping_status":"closed","template":"","meta":{"footnotes":""},"class_list":["post-176","page","type-page","status-publish","hentry"],"yoast_head":"<!-- This site is optimized with the Yoast SEO plugin v23.7 - https:\/\/yoast.com\/wordpress\/plugins\/seo\/ -->\n<title>Szerz\u0151d\u00f6tt eg\u00e9szs\u00e9gp\u00e9nzt\u00e1rak - Dr. Kov\u00e1cs \u00c1gnes Fogorvos<\/title>\n<meta name=\"robots\" content=\"index, follow, max-snippet:-1, max-image-preview:large, max-video-preview:-1\" \/>\n<link rel=\"canonical\" href=\"https:\/\/kovacsagnesfogorvosmor.hu\/index.php\/elementor-176\/\" \/>\n<meta property=\"og:locale\" content=\"hu_HU\" \/>\n<meta property=\"og:type\" content=\"article\" \/>\n<meta property=\"og:title\" content=\"Szerz\u0151d\u00f6tt eg\u00e9szs\u00e9gp\u00e9nzt\u00e1rak - Dr. Kov\u00e1cs \u00c1gnes Fogorvos\" \/>\n<meta property=\"og:description\" content=\"Generali Eg\u00e9szs\u00e9gp\u00e9nzt\u00e1r OTP Orsz\u00e1gos Eg\u00e9szs\u00e9gp\u00e9nzt\u00e1r\u200b Patika Eg\u00e9szs\u00e9gp\u00e9nzt\u00e1r\u200b Pr\u00e9mium Eg\u00e9szs\u00e9gp\u00e9nzt\u00e1r\u200b MKB Eg\u00e9szs\u00e9gp\u00e9nzt\u00e1r (Talizm\u00e1n)\u200b Vitamin Eg\u00e9szs\u00e9gp\u00e9nzt\u00e1r\u200b\" \/>\n<meta property=\"og:url\" content=\"https:\/\/kovacsagnesfogorvosmor.hu\/index.php\/elementor-176\/\" \/>\n<meta property=\"og:site_name\" content=\"Dr. Kov\u00e1cs \u00c1gnes Fogorvos\" \/>\n<meta property=\"article:modified_time\" content=\"2021-08-16T09:02:15+00:00\" \/>\n<meta property=\"og:image\" content=\"https:\/\/kovacsagnesfogorvosmor.hu\/wp-content\/uploads\/2021\/08\/generali-1024x1024-1.jpg\" \/>\n<meta name=\"twitter:card\" content=\"summary_large_image\" \/>\n<meta name=\"twitter:label1\" content=\"Becs\u00fclt olvas\u00e1si id\u0151\" \/>\n\t<meta name=\"twitter:data1\" content=\"2 perc\" \/>\n<script type=\"application\/ld+json\" class=\"yoast-schema-graph\">{\"@context\":\"https:\/\/schema.org\",\"@graph\":[{\"@type\":\"WebPage\",\"@id\":\"https:\/\/kovacsagnesfogorvosmor.hu\/index.php\/elementor-176\/\",\"url\":\"https:\/\/kovacsagnesfogorvosmor.hu\/index.php\/elementor-176\/\",\"name\":\"Szerz\u0151d\u00f6tt eg\u00e9szs\u00e9gp\u00e9nzt\u00e1rak - Dr. Kov\u00e1cs \u00c1gnes Fogorvos\",\"isPartOf\":{\"@id\":\"https:\/\/kovacsagnesfogorvosmor.hu\/#website\"},\"primaryImageOfPage\":{\"@id\":\"https:\/\/kovacsagnesfogorvosmor.hu\/index.php\/elementor-176\/#primaryimage\"},\"image\":{\"@id\":\"https:\/\/kovacsagnesfogorvosmor.hu\/index.php\/elementor-176\/#primaryimage\"},\"thumbnailUrl\":\"https:\/\/kovacsagnesfogorvosmor.hu\/wp-content\/uploads\/2021\/08\/generali-1024x1024-1.jpg\",\"datePublished\":\"2021-07-28T08:34:47+00:00\",\"dateModified\":\"2021-08-16T09:02:15+00:00\",\"breadcrumb\":{\"@id\":\"https:\/\/kovacsagnesfogorvosmor.hu\/index.php\/elementor-176\/#breadcrumb\"},\"inLanguage\":\"hu\",\"potentialAction\":[{\"@type\":\"ReadAction\",\"target\":[\"https:\/\/kovacsagnesfogorvosmor.hu\/index.php\/elementor-176\/\"]}]},{\"@type\":\"ImageObject\",\"inLanguage\":\"hu\",\"@id\":\"https:\/\/kovacsagnesfogorvosmor.hu\/index.php\/elementor-176\/#primaryimage\",\"url\":\"https:\/\/kovacsagnesfogorvosmor.hu\/wp-content\/uploads\/2021\/08\/generali-1024x1024-1.jpg\",\"contentUrl\":\"https:\/\/kovacsagnesfogorvosmor.hu\/wp-content\/uploads\/2021\/08\/generali-1024x1024-1.jpg\",\"width\":1024,\"height\":1024,\"caption\":\"generali eg\u00e9szs\u00e9gp\u00e9nzt\u00e1r log\u00f3\"},{\"@type\":\"BreadcrumbList\",\"@id\":\"https:\/\/kovacsagnesfogorvosmor.hu\/index.php\/elementor-176\/#breadcrumb\",\"itemListElement\":[{\"@type\":\"ListItem\",\"position\":1,\"name\":\"Kezd\u0151lap\",\"item\":\"https:\/\/kovacsagnesfogorvosmor.hu\/\"},{\"@type\":\"ListItem\",\"position\":2,\"name\":\"Szerz\u0151d\u00f6tt eg\u00e9szs\u00e9gp\u00e9nzt\u00e1rak\"}]},{\"@type\":\"WebSite\",\"@id\":\"https:\/\/kovacsagnesfogorvosmor.hu\/#website\",\"url\":\"https:\/\/kovacsagnesfogorvosmor.hu\/\",\"name\":\"Dr. Kov\u00e1cs \u00c1gnes Fogorvos\",\"description\":\"fogszakorvos, fogszab\u00e1lyoz\u00f3 szakorvos\",\"publisher\":{\"@id\":\"https:\/\/kovacsagnesfogorvosmor.hu\/#organization\"},\"potentialAction\":[{\"@type\":\"SearchAction\",\"target\":{\"@type\":\"EntryPoint\",\"urlTemplate\":\"https:\/\/kovacsagnesfogorvosmor.hu\/?s={search_term_string}\"},\"query-input\":{\"@type\":\"PropertyValueSpecification\",\"valueRequired\":true,\"valueName\":\"search_term_string\"}}],\"inLanguage\":\"hu\"},{\"@type\":\"Organization\",\"@id\":\"https:\/\/kovacsagnesfogorvosmor.hu\/#organization\",\"name\":\"Dr. Kov\u00e1cs \u00c1gnes Fogorvos\",\"url\":\"https:\/\/kovacsagnesfogorvosmor.hu\/\",\"logo\":{\"@type\":\"ImageObject\",\"inLanguage\":\"hu\",\"@id\":\"https:\/\/kovacsagnesfogorvosmor.hu\/#\/schema\/logo\/image\/\",\"url\":\"https:\/\/kovacsagnesfogorvosmor.hu\/wp-content\/uploads\/2021\/07\/cropped-fog-logo_512-cut-blue-1.jpg\",\"contentUrl\":\"https:\/\/kovacsagnesfogorvosmor.hu\/wp-content\/uploads\/2021\/07\/cropped-fog-logo_512-cut-blue-1.jpg\",\"width\":512,\"height\":512,\"caption\":\"Dr. Kov\u00e1cs \u00c1gnes Fogorvos\"},\"image\":{\"@id\":\"https:\/\/kovacsagnesfogorvosmor.hu\/#\/schema\/logo\/image\/\"}}]}<\/script>\n<!-- \/ Yoast SEO plugin. -->","yoast_head_json":{"title":"Szerz\u0151d\u00f6tt eg\u00e9szs\u00e9gp\u00e9nzt\u00e1rak - Dr. Kov\u00e1cs \u00c1gnes Fogorvos","robots":{"index":"index","follow":"follow","max-snippet":"max-snippet:-1","max-image-preview":"max-image-preview:large","max-video-preview":"max-video-preview:-1"},"canonical":"https:\/\/kovacsagnesfogorvosmor.hu\/index.php\/elementor-176\/","og_locale":"hu_HU","og_type":"article","og_title":"Szerz\u0151d\u00f6tt eg\u00e9szs\u00e9gp\u00e9nzt\u00e1rak - Dr. Kov\u00e1cs \u00c1gnes Fogorvos","og_description":"Generali Eg\u00e9szs\u00e9gp\u00e9nzt\u00e1r OTP Orsz\u00e1gos Eg\u00e9szs\u00e9gp\u00e9nzt\u00e1r\u200b Patika Eg\u00e9szs\u00e9gp\u00e9nzt\u00e1r\u200b Pr\u00e9mium Eg\u00e9szs\u00e9gp\u00e9nzt\u00e1r\u200b MKB Eg\u00e9szs\u00e9gp\u00e9nzt\u00e1r (Talizm\u00e1n)\u200b Vitamin Eg\u00e9szs\u00e9gp\u00e9nzt\u00e1r\u200b","og_url":"https:\/\/kovacsagnesfogorvosmor.hu\/index.php\/elementor-176\/","og_site_name":"Dr. Kov\u00e1cs \u00c1gnes Fogorvos","article_modified_time":"2021-08-16T09:02:15+00:00","og_image":[{"url":"https:\/\/kovacsagnesfogorvosmor.hu\/wp-content\/uploads\/2021\/08\/generali-1024x1024-1.jpg"}],"twitter_card":"summary_large_image","twitter_misc":{"Becs\u00fclt olvas\u00e1si id\u0151":"2 perc"},"schema":{"@context":"https:\/\/schema.org","@graph":[{"@type":"WebPage","@id":"https:\/\/kovacsagnesfogorvosmor.hu\/index.php\/elementor-176\/","url":"https:\/\/kovacsagnesfogorvosmor.hu\/index.php\/elementor-176\/","name":"Szerz\u0151d\u00f6tt eg\u00e9szs\u00e9gp\u00e9nzt\u00e1rak - Dr. Kov\u00e1cs \u00c1gnes Fogorvos","isPartOf":{"@id":"https:\/\/kovacsagnesfogorvosmor.hu\/#website"},"primaryImageOfPage":{"@id":"https:\/\/kovacsagnesfogorvosmor.hu\/index.php\/elementor-176\/#primaryimage"},"image":{"@id":"https:\/\/kovacsagnesfogorvosmor.hu\/index.php\/elementor-176\/#primaryimage"},"thumbnailUrl":"https:\/\/kovacsagnesfogorvosmor.hu\/wp-content\/uploads\/2021\/08\/generali-1024x1024-1.jpg","datePublished":"2021-07-28T08:34:47+00:00","dateModified":"2021-08-16T09:02:15+00:00","breadcrumb":{"@id":"https:\/\/kovacsagnesfogorvosmor.hu\/index.php\/elementor-176\/#breadcrumb"},"inLanguage":"hu","potentialAction":[{"@type":"ReadAction","target":["https:\/\/kovacsagnesfogorvosmor.hu\/index.php\/elementor-176\/"]}]},{"@type":"ImageObject","inLanguage":"hu","@id":"https:\/\/kovacsagnesfogorvosmor.hu\/index.php\/elementor-176\/#primaryimage","url":"https:\/\/kovacsagnesfogorvosmor.hu\/wp-content\/uploads\/2021\/08\/generali-1024x1024-1.jpg","contentUrl":"https:\/\/kovacsagnesfogorvosmor.hu\/wp-content\/uploads\/2021\/08\/generali-1024x1024-1.jpg","width":1024,"height":1024,"caption":"generali eg\u00e9szs\u00e9gp\u00e9nzt\u00e1r log\u00f3"},{"@type":"BreadcrumbList","@id":"https:\/\/kovacsagnesfogorvosmor.hu\/index.php\/elementor-176\/#breadcrumb","itemListElement":[{"@type":"ListItem","position":1,"name":"Kezd\u0151lap","item":"https:\/\/kovacsagnesfogorvosmor.hu\/"},{"@type":"ListItem","position":2,"name":"Szerz\u0151d\u00f6tt eg\u00e9szs\u00e9gp\u00e9nzt\u00e1rak"}]},{"@type":"WebSite","@id":"https:\/\/kovacsagnesfogorvosmor.hu\/#website","url":"https:\/\/kovacsagnesfogorvosmor.hu\/","name":"Dr. Kov\u00e1cs \u00c1gnes Fogorvos","description":"fogszakorvos, fogszab\u00e1lyoz\u00f3 szakorvos","publisher":{"@id":"https:\/\/kovacsagnesfogorvosmor.hu\/#organization"},"potentialAction":[{"@type":"SearchAction","target":{"@type":"EntryPoint","urlTemplate":"https:\/\/kovacsagnesfogorvosmor.hu\/?s={search_term_string}"},"query-input":{"@type":"PropertyValueSpecification","valueRequired":true,"valueName":"search_term_string"}}],"inLanguage":"hu"},{"@type":"Organization","@id":"https:\/\/kovacsagnesfogorvosmor.hu\/#organization","name":"Dr. Kov\u00e1cs \u00c1gnes Fogorvos","url":"https:\/\/kovacsagnesfogorvosmor.hu\/","logo":{"@type":"ImageObject","inLanguage":"hu","@id":"https:\/\/kovacsagnesfogorvosmor.hu\/#\/schema\/logo\/image\/","url":"https:\/\/kovacsagnesfogorvosmor.hu\/wp-content\/uploads\/2021\/07\/cropped-fog-logo_512-cut-blue-1.jpg","contentUrl":"https:\/\/kovacsagnesfogorvosmor.hu\/wp-content\/uploads\/2021\/07\/cropped-fog-logo_512-cut-blue-1.jpg","width":512,"height":512,"caption":"Dr. Kov\u00e1cs \u00c1gnes Fogorvos"},"image":{"@id":"https:\/\/kovacsagnesfogorvosmor.hu\/#\/schema\/logo\/image\/"}}]}},"_links":{"self":[{"href":"https:\/\/kovacsagnesfogorvosmor.hu\/index.php\/wp-json\/wp\/v2\/pages\/176","targetHints":{"allow":["GET"]}}],"collection":[{"href":"https:\/\/kovacsagnesfogorvosmor.hu\/index.php\/wp-json\/wp\/v2\/pages"}],"about":[{"href":"https:\/\/kovacsagnesfogorvosmor.hu\/index.php\/wp-json\/wp\/v2\/types\/page"}],"author":[{"embeddable":true,"href":"https:\/\/kovacsagnesfogorvosmor.hu\/index.php\/wp-json\/wp\/v2\/users\/1"}],"replies":[{"embeddable":true,"href":"https:\/\/kovacsagnesfogorvosmor.hu\/index.php\/wp-json\/wp\/v2\/comments?post=176"}],"version-history":[{"count":29,"href":"https:\/\/kovacsagnesfogorvosmor.hu\/index.php\/wp-json\/wp\/v2\/pages\/176\/revisions"}],"predecessor-version":[{"id":446,"href":"https:\/\/kovacsagnesfogorvosmor.hu\/index.php\/wp-json\/wp\/v2\/pages\/176\/revisions\/446"}],"wp:attachment":[{"href":"https:\/\/kovacsagnesfogorvosmor.hu\/index.php\/wp-json\/wp\/v2\/media?parent=176"}],"curies":[{"name":"wp","href":"https:\/\/api.w.org\/{rel}","templated":true}]}}