{"id":476,"date":"2021-08-25T09:33:36","date_gmt":"2021-08-25T09:33:36","guid":{"rendered":"https:\/\/kovacsagnesfogorvosmor.hu\/?page_id=476"},"modified":"2021-08-25T11:40:24","modified_gmt":"2021-08-25T11:40:24","slug":"elerhetosegek","status":"publish","type":"page","link":"https:\/\/kovacsagnesfogorvosmor.hu\/index.php\/elerhetosegek\/","title":{"rendered":"El\u00e9rhet\u0151s\u00e9gek"},"content":{"rendered":"\t\t<div data-elementor-type=\"wp-page\" data-elementor-id=\"476\" class=\"elementor elementor-476\">\n\t\t\t\t\t\t<section class=\"elementor-section elementor-top-section elementor-element elementor-element-2cc4e52 elementor-section-boxed elementor-section-height-default elementor-section-height-default\" data-id=\"2cc4e52\" data-element_type=\"section\">\n\t\t\t\t\t\t<div class=\"elementor-container elementor-column-gap-default\">\n\t\t\t\t\t<div class=\"elementor-column elementor-col-50 elementor-top-column elementor-element elementor-element-5b17ed6\" data-id=\"5b17ed6\" data-element_type=\"column\">\n\t\t\t<div class=\"elementor-widget-wrap elementor-element-populated\">\n\t\t\t\t\t\t<div class=\"elementor-element elementor-element-fe5e601 elementor-invisible elementor-widget elementor-widget-image\" data-id=\"fe5e601\" data-element_type=\"widget\" data-settings=\"{&quot;_animation&quot;:&quot;fadeInLeft&quot;}\" data-widget_type=\"image.default\">\n\t\t\t\t<div class=\"elementor-widget-container\">\n\t\t\t\t\t\t\t\t\t\t\t\t\t\t<a href=\"https:\/\/maps.google.com\/maps?ll=47.365584,18.210373&#038;z=15&#038;t=m&#038;hl=hu-HU&#038;gl=US&#038;mapclient=embed&#038;q=Erkel%20Ferenc%20u.%201%20M%C3%B3r%208060\">\n\t\t\t\t\t\t\t<img fetchpriority=\"high\" decoding=\"async\" width=\"300\" height=\"300\" src=\"https:\/\/kovacsagnesfogorvosmor.hu\/wp-content\/uploads\/2021\/06\/terkep-erkel.jpg\" class=\"attachment-large size-large wp-image-470\" alt=\"Erkel - t\u00e9rk\u00e9p\" srcset=\"https:\/\/kovacsagnesfogorvosmor.hu\/wp-content\/uploads\/2021\/06\/terkep-erkel.jpg 300w, https:\/\/kovacsagnesfogorvosmor.hu\/wp-content\/uploads\/2021\/06\/terkep-erkel-150x150.jpg 150w\" sizes=\"(max-width: 300px) 100vw, 300px\" \/>\t\t\t\t\t\t\t\t<\/a>\n\t\t\t\t\t\t\t\t\t\t\t\t\t<\/div>\n\t\t\t\t<\/div>\n\t\t\t\t\t<\/div>\n\t\t<\/div>\n\t\t\t\t<div class=\"elementor-column elementor-col-50 elementor-top-column elementor-element elementor-element-acb87fb\" data-id=\"acb87fb\" data-element_type=\"column\">\n\t\t\t<div class=\"elementor-widget-wrap elementor-element-populated\">\n\t\t\t\t\t\t<div class=\"elementor-element elementor-element-ca50088 elementor-invisible elementor-widget elementor-widget-text-editor\" data-id=\"ca50088\" data-element_type=\"widget\" data-settings=\"{&quot;_animation&quot;:&quot;fadeInRight&quot;,&quot;_animation_delay&quot;:100}\" data-widget_type=\"text-editor.default\">\n\t\t\t\t<div class=\"elementor-widget-container\">\n\t\t\t\t\t\t\t<p><a href=\"https:\/\/www.google.com\/maps\/dir\/\/47.3654424,18.210277\/@47.3655187,18.2103052,20z\/data=!4m2!4m1!3e0\"><b>Rendel\u0151 1:<\/b><br \/>8060 M\u00f3r, Erkel Ferenc u. 1.<\/a><br \/><br \/>Rendel\u00e9si id\u0151:<\/p><ul><li>kedd, p\u00e9ntek 14-19h,<\/li><li>szerda: 8-11h,<\/li><li>szombat 8-13h<br \/><br \/><\/li><\/ul><p>Mobil: +36 30 211 93 70<br \/>Telefon\/Fax: +36 22 405 619<br \/>Tan\u00e1csad\u00e1s:<b>\u00a0kiz\u00e1r\u00f3lag szem\u00e9lyesen<\/b>.<br \/>Bejelentkez\u00e9s: rendel\u00e9si id\u0151ben.<\/p>\t\t\t\t\t\t<\/div>\n\t\t\t\t<\/div>\n\t\t\t\t\t<\/div>\n\t\t<\/div>\n\t\t\t\t\t<\/div>\n\t\t<\/section>\n\t\t\t\t<section class=\"elementor-section elementor-top-section elementor-element elementor-element-b76a4c1 elementor-section-boxed elementor-section-height-default elementor-section-height-default\" data-id=\"b76a4c1\" data-element_type=\"section\">\n\t\t\t\t\t\t<div class=\"elementor-container elementor-column-gap-default\">\n\t\t\t\t\t<div class=\"elementor-column elementor-col-100 elementor-top-column elementor-element elementor-element-98d9470\" data-id=\"98d9470\" data-element_type=\"column\">\n\t\t\t<div class=\"elementor-widget-wrap elementor-element-populated\">\n\t\t\t\t\t\t<div class=\"elementor-element elementor-element-6abc448 elementor-widget-divider--view-line elementor-widget elementor-widget-divider\" data-id=\"6abc448\" data-element_type=\"widget\" data-widget_type=\"divider.default\">\n\t\t\t\t<div class=\"elementor-widget-container\">\n\t\t\t\t\t<div class=\"elementor-divider\">\n\t\t\t<span class=\"elementor-divider-separator\">\n\t\t\t\t\t\t<\/span>\n\t\t<\/div>\n\t\t\t\t<\/div>\n\t\t\t\t<\/div>\n\t\t\t\t\t<\/div>\n\t\t<\/div>\n\t\t\t\t\t<\/div>\n\t\t<\/section>\n\t\t\t\t<section class=\"elementor-section elementor-top-section elementor-element elementor-element-52d5e69 elementor-section-boxed elementor-section-height-default elementor-section-height-default\" data-id=\"52d5e69\" data-element_type=\"section\">\n\t\t\t\t\t\t<div class=\"elementor-container elementor-column-gap-default\">\n\t\t\t\t\t<div class=\"elementor-column elementor-col-50 elementor-top-column elementor-element elementor-element-8055483\" data-id=\"8055483\" data-element_type=\"column\">\n\t\t\t<div class=\"elementor-widget-wrap elementor-element-populated\">\n\t\t\t\t\t\t<div class=\"elementor-element elementor-element-0121315 elementor-invisible elementor-widget elementor-widget-image\" data-id=\"0121315\" data-element_type=\"widget\" data-settings=\"{&quot;_animation&quot;:&quot;fadeInLeft&quot;,&quot;_animation_delay&quot;:100}\" data-widget_type=\"image.default\">\n\t\t\t\t<div class=\"elementor-widget-container\">\n\t\t\t\t\t\t\t\t\t\t\t\t\t\t<a href=\"https:\/\/maps.google.com\/maps?ll=47.36245,18.183241&#038;z=15&#038;t=m&#038;hl=hu-HU&#038;gl=US&#038;mapclient=embed&#038;q=Velegi%20%C3%BAt%2012%20M%C3%B3r%208060\">\n\t\t\t\t\t\t\t<img decoding=\"async\" width=\"300\" height=\"300\" src=\"https:\/\/kovacsagnesfogorvosmor.hu\/wp-content\/uploads\/2021\/06\/terkep-velegi.jpg\" class=\"attachment-large size-large wp-image-471\" alt=\"Velegi \u00fat - t\u00e9rk\u00e9p\" srcset=\"https:\/\/kovacsagnesfogorvosmor.hu\/wp-content\/uploads\/2021\/06\/terkep-velegi.jpg 300w, https:\/\/kovacsagnesfogorvosmor.hu\/wp-content\/uploads\/2021\/06\/terkep-velegi-150x150.jpg 150w\" sizes=\"(max-width: 300px) 100vw, 300px\" \/>\t\t\t\t\t\t\t\t<\/a>\n\t\t\t\t\t\t\t\t\t\t\t\t\t<\/div>\n\t\t\t\t<\/div>\n\t\t\t\t\t<\/div>\n\t\t<\/div>\n\t\t\t\t<div class=\"elementor-column elementor-col-50 elementor-top-column elementor-element elementor-element-2ab37df\" data-id=\"2ab37df\" data-element_type=\"column\">\n\t\t\t<div class=\"elementor-widget-wrap elementor-element-populated\">\n\t\t\t\t\t\t<div class=\"elementor-element elementor-element-ab044aa elementor-invisible elementor-widget elementor-widget-text-editor\" data-id=\"ab044aa\" data-element_type=\"widget\" data-settings=\"{&quot;_animation&quot;:&quot;fadeInRight&quot;,&quot;_animation_delay&quot;:200}\" data-widget_type=\"text-editor.default\">\n\t\t\t\t<div class=\"elementor-widget-container\">\n\t\t\t\t\t\t\t<p><a href=\"https:\/\/www.google.com\/maps\/dir\/\/47.3616688,18.1808752\/@47.3617596,18.1801564,18z\/data=!4m2!4m1!3e0\"><b>Rendel\u0151 2:<br \/><\/b>8060 M\u00f3r, Velegi \u00fat 12. I\/2.<\/a><br \/><br \/>Rendel\u00e9si id\u0151:<\/p><ul><li>h\u00e9tf\u0151 14-19h<\/li><li>kedd 8-11h<br \/><br \/><\/li><\/ul><p>Mobil: +36 30 211 93 70<\/p>\t\t\t\t\t\t<\/div>\n\t\t\t\t<\/div>\n\t\t\t\t\t<\/div>\n\t\t<\/div>\n\t\t\t\t\t<\/div>\n\t\t<\/section>\n\t\t\t\t<\/div>\n\t\t","protected":false},"excerpt":{"rendered":"<p>Rendel\u0151 1:8060 M\u00f3r, Erkel Ferenc u. 1. Rendel\u00e9si id\u0151: kedd, p\u00e9ntek 14-19h, szerda: 8-11h, szombat 8-13h Mobil: +36 30 211 93 70Telefon\/Fax: +36 22 405 619Tan\u00e1csad\u00e1s:\u00a0kiz\u00e1r\u00f3lag szem\u00e9lyesen.Bejelentkez\u00e9s: rendel\u00e9si id\u0151ben. Rendel\u0151 2:8060 M\u00f3r, Velegi \u00fat 12. I\/2. Rendel\u00e9si id\u0151: h\u00e9tf\u0151 14-19h kedd 8-11h Mobil: +36 30 211 93 70<\/p>\n","protected":false},"author":1,"featured_media":0,"parent":0,"menu_order":0,"comment_status":"closed","ping_status":"closed","template":"","meta":{"footnotes":""},"class_list":["post-476","page","type-page","status-publish","hentry"],"yoast_head":"<!-- This site is optimized with the Yoast SEO plugin v23.7 - https:\/\/yoast.com\/wordpress\/plugins\/seo\/ -->\n<title>El\u00e9rhet\u0151s\u00e9gek - Dr. Kov\u00e1cs \u00c1gnes Fogorvos<\/title>\n<meta name=\"robots\" content=\"index, follow, max-snippet:-1, max-image-preview:large, max-video-preview:-1\" \/>\n<link rel=\"canonical\" href=\"https:\/\/kovacsagnesfogorvosmor.hu\/index.php\/elerhetosegek\/\" \/>\n<meta property=\"og:locale\" content=\"hu_HU\" \/>\n<meta property=\"og:type\" content=\"article\" \/>\n<meta property=\"og:title\" content=\"El\u00e9rhet\u0151s\u00e9gek - Dr. Kov\u00e1cs \u00c1gnes Fogorvos\" \/>\n<meta property=\"og:description\" content=\"Rendel\u0151 1:8060 M\u00f3r, Erkel Ferenc u. 1. Rendel\u00e9si id\u0151: kedd, p\u00e9ntek 14-19h, szerda: 8-11h, szombat 8-13h Mobil: +36 30 211 93 70Telefon\/Fax: +36 22 405 619Tan\u00e1csad\u00e1s:\u00a0kiz\u00e1r\u00f3lag szem\u00e9lyesen.Bejelentkez\u00e9s: rendel\u00e9si id\u0151ben. Rendel\u0151 2:8060 M\u00f3r, Velegi \u00fat 12. I\/2. Rendel\u00e9si id\u0151: h\u00e9tf\u0151 14-19h kedd 8-11h Mobil: +36 30 211 93 70\" \/>\n<meta property=\"og:url\" content=\"https:\/\/kovacsagnesfogorvosmor.hu\/index.php\/elerhetosegek\/\" \/>\n<meta property=\"og:site_name\" content=\"Dr. Kov\u00e1cs \u00c1gnes Fogorvos\" \/>\n<meta property=\"article:modified_time\" content=\"2021-08-25T11:40:24+00:00\" \/>\n<meta property=\"og:image\" content=\"https:\/\/kovacsagnesfogorvosmor.hu\/wp-content\/uploads\/2021\/06\/terkep-erkel.jpg\" \/>\n<meta name=\"twitter:card\" content=\"summary_large_image\" \/>\n<meta name=\"twitter:label1\" content=\"Becs\u00fclt olvas\u00e1si id\u0151\" \/>\n\t<meta name=\"twitter:data1\" content=\"1 perc\" \/>\n<script type=\"application\/ld+json\" class=\"yoast-schema-graph\">{\"@context\":\"https:\/\/schema.org\",\"@graph\":[{\"@type\":\"WebPage\",\"@id\":\"https:\/\/kovacsagnesfogorvosmor.hu\/index.php\/elerhetosegek\/\",\"url\":\"https:\/\/kovacsagnesfogorvosmor.hu\/index.php\/elerhetosegek\/\",\"name\":\"El\u00e9rhet\u0151s\u00e9gek - Dr. Kov\u00e1cs \u00c1gnes Fogorvos\",\"isPartOf\":{\"@id\":\"https:\/\/kovacsagnesfogorvosmor.hu\/#website\"},\"primaryImageOfPage\":{\"@id\":\"https:\/\/kovacsagnesfogorvosmor.hu\/index.php\/elerhetosegek\/#primaryimage\"},\"image\":{\"@id\":\"https:\/\/kovacsagnesfogorvosmor.hu\/index.php\/elerhetosegek\/#primaryimage\"},\"thumbnailUrl\":\"https:\/\/kovacsagnesfogorvosmor.hu\/wp-content\/uploads\/2021\/06\/terkep-erkel.jpg\",\"datePublished\":\"2021-08-25T09:33:36+00:00\",\"dateModified\":\"2021-08-25T11:40:24+00:00\",\"breadcrumb\":{\"@id\":\"https:\/\/kovacsagnesfogorvosmor.hu\/index.php\/elerhetosegek\/#breadcrumb\"},\"inLanguage\":\"hu\",\"potentialAction\":[{\"@type\":\"ReadAction\",\"target\":[\"https:\/\/kovacsagnesfogorvosmor.hu\/index.php\/elerhetosegek\/\"]}]},{\"@type\":\"ImageObject\",\"inLanguage\":\"hu\",\"@id\":\"https:\/\/kovacsagnesfogorvosmor.hu\/index.php\/elerhetosegek\/#primaryimage\",\"url\":\"https:\/\/kovacsagnesfogorvosmor.hu\/wp-content\/uploads\/2021\/06\/terkep-erkel.jpg\",\"contentUrl\":\"https:\/\/kovacsagnesfogorvosmor.hu\/wp-content\/uploads\/2021\/06\/terkep-erkel.jpg\",\"width\":300,\"height\":300,\"caption\":\"Erkel - t\u00e9rk\u00e9p\"},{\"@type\":\"BreadcrumbList\",\"@id\":\"https:\/\/kovacsagnesfogorvosmor.hu\/index.php\/elerhetosegek\/#breadcrumb\",\"itemListElement\":[{\"@type\":\"ListItem\",\"position\":1,\"name\":\"Kezd\u0151lap\",\"item\":\"https:\/\/kovacsagnesfogorvosmor.hu\/\"},{\"@type\":\"ListItem\",\"position\":2,\"name\":\"El\u00e9rhet\u0151s\u00e9gek\"}]},{\"@type\":\"WebSite\",\"@id\":\"https:\/\/kovacsagnesfogorvosmor.hu\/#website\",\"url\":\"https:\/\/kovacsagnesfogorvosmor.hu\/\",\"name\":\"Dr. Kov\u00e1cs \u00c1gnes Fogorvos\",\"description\":\"fogszakorvos, fogszab\u00e1lyoz\u00f3 szakorvos\",\"publisher\":{\"@id\":\"https:\/\/kovacsagnesfogorvosmor.hu\/#organization\"},\"potentialAction\":[{\"@type\":\"SearchAction\",\"target\":{\"@type\":\"EntryPoint\",\"urlTemplate\":\"https:\/\/kovacsagnesfogorvosmor.hu\/?s={search_term_string}\"},\"query-input\":{\"@type\":\"PropertyValueSpecification\",\"valueRequired\":true,\"valueName\":\"search_term_string\"}}],\"inLanguage\":\"hu\"},{\"@type\":\"Organization\",\"@id\":\"https:\/\/kovacsagnesfogorvosmor.hu\/#organization\",\"name\":\"Dr. Kov\u00e1cs \u00c1gnes Fogorvos\",\"url\":\"https:\/\/kovacsagnesfogorvosmor.hu\/\",\"logo\":{\"@type\":\"ImageObject\",\"inLanguage\":\"hu\",\"@id\":\"https:\/\/kovacsagnesfogorvosmor.hu\/#\/schema\/logo\/image\/\",\"url\":\"https:\/\/kovacsagnesfogorvosmor.hu\/wp-content\/uploads\/2021\/07\/cropped-fog-logo_512-cut-blue-1.jpg\",\"contentUrl\":\"https:\/\/kovacsagnesfogorvosmor.hu\/wp-content\/uploads\/2021\/07\/cropped-fog-logo_512-cut-blue-1.jpg\",\"width\":512,\"height\":512,\"caption\":\"Dr. Kov\u00e1cs \u00c1gnes Fogorvos\"},\"image\":{\"@id\":\"https:\/\/kovacsagnesfogorvosmor.hu\/#\/schema\/logo\/image\/\"}}]}<\/script>\n<!-- \/ Yoast SEO plugin. -->","yoast_head_json":{"title":"El\u00e9rhet\u0151s\u00e9gek - Dr. Kov\u00e1cs \u00c1gnes Fogorvos","robots":{"index":"index","follow":"follow","max-snippet":"max-snippet:-1","max-image-preview":"max-image-preview:large","max-video-preview":"max-video-preview:-1"},"canonical":"https:\/\/kovacsagnesfogorvosmor.hu\/index.php\/elerhetosegek\/","og_locale":"hu_HU","og_type":"article","og_title":"El\u00e9rhet\u0151s\u00e9gek - Dr. Kov\u00e1cs \u00c1gnes Fogorvos","og_description":"Rendel\u0151 1:8060 M\u00f3r, Erkel Ferenc u. 1. Rendel\u00e9si id\u0151: kedd, p\u00e9ntek 14-19h, szerda: 8-11h, szombat 8-13h Mobil: +36 30 211 93 70Telefon\/Fax: +36 22 405 619Tan\u00e1csad\u00e1s:\u00a0kiz\u00e1r\u00f3lag szem\u00e9lyesen.Bejelentkez\u00e9s: rendel\u00e9si id\u0151ben. Rendel\u0151 2:8060 M\u00f3r, Velegi \u00fat 12. I\/2. Rendel\u00e9si id\u0151: h\u00e9tf\u0151 14-19h kedd 8-11h Mobil: +36 30 211 93 70","og_url":"https:\/\/kovacsagnesfogorvosmor.hu\/index.php\/elerhetosegek\/","og_site_name":"Dr. Kov\u00e1cs \u00c1gnes Fogorvos","article_modified_time":"2021-08-25T11:40:24+00:00","og_image":[{"url":"https:\/\/kovacsagnesfogorvosmor.hu\/wp-content\/uploads\/2021\/06\/terkep-erkel.jpg"}],"twitter_card":"summary_large_image","twitter_misc":{"Becs\u00fclt olvas\u00e1si id\u0151":"1 perc"},"schema":{"@context":"https:\/\/schema.org","@graph":[{"@type":"WebPage","@id":"https:\/\/kovacsagnesfogorvosmor.hu\/index.php\/elerhetosegek\/","url":"https:\/\/kovacsagnesfogorvosmor.hu\/index.php\/elerhetosegek\/","name":"El\u00e9rhet\u0151s\u00e9gek - Dr. Kov\u00e1cs \u00c1gnes Fogorvos","isPartOf":{"@id":"https:\/\/kovacsagnesfogorvosmor.hu\/#website"},"primaryImageOfPage":{"@id":"https:\/\/kovacsagnesfogorvosmor.hu\/index.php\/elerhetosegek\/#primaryimage"},"image":{"@id":"https:\/\/kovacsagnesfogorvosmor.hu\/index.php\/elerhetosegek\/#primaryimage"},"thumbnailUrl":"https:\/\/kovacsagnesfogorvosmor.hu\/wp-content\/uploads\/2021\/06\/terkep-erkel.jpg","datePublished":"2021-08-25T09:33:36+00:00","dateModified":"2021-08-25T11:40:24+00:00","breadcrumb":{"@id":"https:\/\/kovacsagnesfogorvosmor.hu\/index.php\/elerhetosegek\/#breadcrumb"},"inLanguage":"hu","potentialAction":[{"@type":"ReadAction","target":["https:\/\/kovacsagnesfogorvosmor.hu\/index.php\/elerhetosegek\/"]}]},{"@type":"ImageObject","inLanguage":"hu","@id":"https:\/\/kovacsagnesfogorvosmor.hu\/index.php\/elerhetosegek\/#primaryimage","url":"https:\/\/kovacsagnesfogorvosmor.hu\/wp-content\/uploads\/2021\/06\/terkep-erkel.jpg","contentUrl":"https:\/\/kovacsagnesfogorvosmor.hu\/wp-content\/uploads\/2021\/06\/terkep-erkel.jpg","width":300,"height":300,"caption":"Erkel - t\u00e9rk\u00e9p"},{"@type":"BreadcrumbList","@id":"https:\/\/kovacsagnesfogorvosmor.hu\/index.php\/elerhetosegek\/#breadcrumb","itemListElement":[{"@type":"ListItem","position":1,"name":"Kezd\u0151lap","item":"https:\/\/kovacsagnesfogorvosmor.hu\/"},{"@type":"ListItem","position":2,"name":"El\u00e9rhet\u0151s\u00e9gek"}]},{"@type":"WebSite","@id":"https:\/\/kovacsagnesfogorvosmor.hu\/#website","url":"https:\/\/kovacsagnesfogorvosmor.hu\/","name":"Dr. Kov\u00e1cs \u00c1gnes Fogorvos","description":"fogszakorvos, fogszab\u00e1lyoz\u00f3 szakorvos","publisher":{"@id":"https:\/\/kovacsagnesfogorvosmor.hu\/#organization"},"potentialAction":[{"@type":"SearchAction","target":{"@type":"EntryPoint","urlTemplate":"https:\/\/kovacsagnesfogorvosmor.hu\/?s={search_term_string}"},"query-input":{"@type":"PropertyValueSpecification","valueRequired":true,"valueName":"search_term_string"}}],"inLanguage":"hu"},{"@type":"Organization","@id":"https:\/\/kovacsagnesfogorvosmor.hu\/#organization","name":"Dr. Kov\u00e1cs \u00c1gnes Fogorvos","url":"https:\/\/kovacsagnesfogorvosmor.hu\/","logo":{"@type":"ImageObject","inLanguage":"hu","@id":"https:\/\/kovacsagnesfogorvosmor.hu\/#\/schema\/logo\/image\/","url":"https:\/\/kovacsagnesfogorvosmor.hu\/wp-content\/uploads\/2021\/07\/cropped-fog-logo_512-cut-blue-1.jpg","contentUrl":"https:\/\/kovacsagnesfogorvosmor.hu\/wp-content\/uploads\/2021\/07\/cropped-fog-logo_512-cut-blue-1.jpg","width":512,"height":512,"caption":"Dr. Kov\u00e1cs \u00c1gnes Fogorvos"},"image":{"@id":"https:\/\/kovacsagnesfogorvosmor.hu\/#\/schema\/logo\/image\/"}}]}},"_links":{"self":[{"href":"https:\/\/kovacsagnesfogorvosmor.hu\/index.php\/wp-json\/wp\/v2\/pages\/476","targetHints":{"allow":["GET"]}}],"collection":[{"href":"https:\/\/kovacsagnesfogorvosmor.hu\/index.php\/wp-json\/wp\/v2\/pages"}],"about":[{"href":"https:\/\/kovacsagnesfogorvosmor.hu\/index.php\/wp-json\/wp\/v2\/types\/page"}],"author":[{"embeddable":true,"href":"https:\/\/kovacsagnesfogorvosmor.hu\/index.php\/wp-json\/wp\/v2\/users\/1"}],"replies":[{"embeddable":true,"href":"https:\/\/kovacsagnesfogorvosmor.hu\/index.php\/wp-json\/wp\/v2\/comments?post=476"}],"version-history":[{"count":19,"href":"https:\/\/kovacsagnesfogorvosmor.hu\/index.php\/wp-json\/wp\/v2\/pages\/476\/revisions"}],"predecessor-version":[{"id":502,"href":"https:\/\/kovacsagnesfogorvosmor.hu\/index.php\/wp-json\/wp\/v2\/pages\/476\/revisions\/502"}],"wp:attachment":[{"href":"https:\/\/kovacsagnesfogorvosmor.hu\/index.php\/wp-json\/wp\/v2\/media?parent=476"}],"curies":[{"name":"wp","href":"https:\/\/api.w.org\/{rel}","templated":true}]}}